{"id":390272,"date":"2023-10-12T09:05:25","date_gmt":"2023-10-12T09:05:25","guid":{"rendered":"https:\/\/luxphysio.testpw.link\/?page_id=390272"},"modified":"2023-10-12T09:33:03","modified_gmt":"2023-10-12T09:33:03","slug":"privacy-policy","status":"publish","type":"page","link":"https:\/\/luxphysio.lu\/en\/politique-de-confidentialite\/","title":{"rendered":"Privacy policy"},"content":{"rendered":"\n[et_pb_section fb_built=\u00a0\u00bb1&Prime; custom_padding_last_edited=\u00a0\u00bbon|tablet\u00a0\u00bb admin_label=\u00a0\u00bbHero\u00a0\u00bb _builder_version=\u00a0\u00bb4.22.1&Prime; custom_padding=\u00a0\u00bb130px|0px|54px|0px|false|false\u00a0\u00bb custom_padding_tablet=\u00a0\u00bb90px|0px|54px|0px|false|false\u00a0\u00bb custom_padding_phone=\u00a0\u00bb40px|0px|0px|0px|false|false\u00a0\u00bb bottom_divider_height=\u00a0\u00bb0px\u00a0\u00bb border_width_bottom=\u00a0\u00bb1px\u00a0\u00bb border_color_bottom=\u00a0\u00bb#efefef\u00a0\u00bb global_colors_info=\u00a0\u00bb{}\u00a0\u00bb theme_builder_area=\u00a0\u00bbpost_content\u00a0\u00bb][et_pb_row column_structure=\u00a0\u00bb1_2,1_2&Prime; _builder_version=\u00a0\u00bb4.16&Prime; width=\u00a0\u00bb100%\u00a0\u00bb max_width=\u00a0\u00bb100%\u00a0\u00bb custom_margin=\u00a0\u00bb|||\u00a0\u00bb custom_margin_tablet=\u00a0\u00bb||0px|\u00a0\u00bb custom_margin_phone=\u00a0\u00bb\u00a0\u00bb custom_margin_last_edited=\u00a0\u00bbon|desktop\u00a0\u00bb custom_padding=\u00a0\u00bb0|0px|27px|0px|false|false\u00a0\u00bb use_custom_width=\u00a0\u00bbon\u00a0\u00bb width_unit=\u00a0\u00bboff\u00a0\u00bb custom_width_percent=\u00a0\u00bb100%\u00a0\u00bb global_colors_info=\u00a0\u00bb{}\u00a0\u00bb theme_builder_area=\u00a0\u00bbpost_content\u00a0\u00bb][et_pb_column type=\u00a0\u00bb1_2&Prime; _builder_version=\u00a0\u00bb4.16&Prime; custom_padding=\u00a0\u00bb6%||6%|12%\u00a0\u00bb custom_padding_tablet=\u00a0\u00bb50px|50px|50px|50px\u00a0\u00bb custom_padding_phone=\u00a0\u00bb50px|50px|50px|50px\u00a0\u00bb custom_padding_last_edited=\u00a0\u00bbon|tablet\u00a0\u00bb global_colors_info=\u00a0\u00bb{}\u00a0\u00bb padding_tablet=\u00a0\u00bb50px|50px|50px|50px\u00a0\u00bb padding_last_edited=\u00a0\u00bbon|tablet\u00a0\u00bb custom_padding__hover=\u00a0\u00bb|||\u00a0\u00bb padding_phone=\u00a0\u00bb50px|50px|50px|50px\u00a0\u00bb theme_builder_area=\u00a0\u00bbpost_content\u00a0\u00bb][et_pb_text _builder_version=\u00a0\u00bb4.22.2&Prime; text_font=\u00a0\u00bbMontserrat|300|||||||\u00a0\u00bb text_text_color=\u00a0\u00bb#677a92&Prime; text_font_size=\u00a0\u00bb16px\u00a0\u00bb text_line_height=\u00a0\u00bb1.8em\u00a0\u00bb header_font=\u00a0\u00bbMontserrat||||||||\u00a0\u00bb header_text_color=\u00a0\u00bb#000000&Prime; header_font_size=\u00a0\u00bb50px\u00a0\u00bb header_line_height=\u00a0\u00bb1.3em\u00a0\u00bb header_2_font=\u00a0\u00bb||||||||\u00a0\u00bb max_width=\u00a0\u00bb600px\u00a0\u00bb custom_margin=\u00a0\u00bb|||\u00a0\u00bb custom_margin_tablet=\u00a0\u00bb0px|50px||50px\u00a0\u00bb custom_margin_phone=\u00a0\u00bb|20px||\u00a0\u00bb custom_margin_last_edited=\u00a0\u00bboff|desktop\u00a0\u00bb custom_padding=\u00a0\u00bb|||\u00a0\u00bb hover_enabled=\u00a0\u00bb0&Prime; text_line_height_tablet=\u00a0\u00bb1.8em\u00a0\u00bb text_line_height_phone=\u00a0\u00bb1.8em\u00a0\u00bb text_line_height_last_edited=\u00a0\u00bbon|phone\u00a0\u00bb header_font_size_tablet=\u00a0\u00bb\u00a0\u00bb header_font_size_phone=\u00a0\u00bb34px\u00a0\u00bb header_font_size_last_edited=\u00a0\u00bbon|phone\u00a0\u00bb header_2_font_size_phone=\u00a0\u00bb30px\u00a0\u00bb header_2_font_size_last_edited=\u00a0\u00bboff|desktop\u00a0\u00bb locked=\u00a0\u00bboff\u00a0\u00bb global_colors_info=\u00a0\u00bb{}\u00a0\u00bb theme_builder_area=\u00a0\u00bbpost_content\u00a0\u00bb sticky_enabled=\u00a0\u00bb0&Prime;]<h1>Politique de confidentialit\u00e9<\/h1>[\/et_pb_text][et_pb_text _builder_version=\u00a0\u00bb4.22.2&Prime; text_font=\u00a0\u00bbMontserrat|300|||||||\u00a0\u00bb text_font_size=\u00a0\u00bb16px\u00a0\u00bb text_line_height=\u00a0\u00bb2em\u00a0\u00bb link_font=\u00a0\u00bb||||||||\u00a0\u00bb ul_font=\u00a0\u00bb||||||||\u00a0\u00bb ol_font=\u00a0\u00bb||||||||\u00a0\u00bb quote_font=\u00a0\u00bb||||||||\u00a0\u00bb header_font=\u00a0\u00bb||||||||\u00a0\u00bb header_2_font=\u00a0\u00bbMontserrat|300|||||||\u00a0\u00bb header_2_text_color=\u00a0\u00bb#212d3b\u00a0\u00bb header_2_font_size=\u00a0\u00bb25px\u00a0\u00bb header_2_line_height=\u00a0\u00bb1.5em\u00a0\u00bb max_width=\u00a0\u00bb600px\u00a0\u00bb custom_margin=\u00a0\u00bb|||\u00a0\u00bb custom_padding=\u00a0\u00bb|||\u00a0\u00bb hover_enabled=\u00a0\u00bb0&Prime; header_2_font_size_tablet=\u00a0\u00bb25px\u00a0\u00bb header_2_font_size_phone=\u00a0\u00bb25px\u00a0\u00bb header_2_font_size_last_edited=\u00a0\u00bbon|desktop\u00a0\u00bb locked=\u00a0\u00bboff\u00a0\u00bb global_colors_info=\u00a0\u00bb{}\u00a0\u00bb theme_builder_area=\u00a0\u00bbpost_content\u00a0\u00bb sticky_enabled=\u00a0\u00bb0&Prime;]<h2>ARTICLE 1 : Collecte de vos informations<\/h2>\n<p>Nous recueillons des informations lorsque vous remplissez nos formulaires de contact, de newsletter.<\/p>\n<p>Nous pouvons r\u00e9colter les informations suivantes : votre pr\u00e9nom, votre nom, votre adresse e-mail, votre num\u00e9ro de t\u00e9l\u00e9phone, votre adresse et votre localit\u00e9.<\/p>\n<p>En outre, nous pouvons recevoir et enregistrer automatiquement des informations \u00e0 partir de votre ordinateur et navigateur, y compris votre adresse IP, vos logiciels et votre mat\u00e9riel, et la page que vous demandez selon vos pr\u00e9f\u00e9rences cookies que vous avez s\u00e9lectionn\u00e9 via notre bandeau.<\/p>\n<h2>ARTICLE 2 : Utilisation de vos informations<\/h2>\n<p>Toutes les informations que nous recueillons de votre part peuvent \u00eatre utilis\u00e9es pour :<\/p>\n<p>Vous contacter de mani\u00e8re plus efficace ;<br \/>Collecter et \u00e9tablir des statistiques pour am\u00e9liorer nos campagnes marketing et webmarketing ;<br \/>Vous envoyer des newsletters dans le cas o\u00f9 vous \u00eates inscrit(e)s \u00e0 celles-ci ;<br \/>Personnaliser votre exp\u00e9rience et r\u00e9pondre \u00e0 vos besoins individuels.<\/p>\n<h2>ARTICLE 3 : Confidentialit\u00e9 de vos donn\u00e9es<\/h2>\n<p>Nous sommes les seuls propri\u00e9taires des informations recueillies sur notre site. Vos informations personnelles ne seront pas vendues, \u00e9chang\u00e9es, transf\u00e9r\u00e9es, ou donn\u00e9es \u00e0 une autre soci\u00e9t\u00e9 pour n\u2019importe quelle raison, sans votre consentement.\u200b<\/p>\n<h2>ARTICLE 4 : Divulgation des tiers<\/h2>\n<p>Nous ne vendons, n\u2019\u00e9changeons et ne transf\u00e9rons pas vos informations personnelles identifiables \u00e0 des tiers. Cela ne comprend pas les tierce parties de confiance qui nous aident \u00e0 exploiter notre site web ou \u00e0 mener nos affaires, tant que ces parties conviennent de garder ces informations confidentielles.\u200b<\/p>\n<h2>ARTICLE 5 : Protection de vos informations<\/h2>\n<p>Nous mettons en \u0153uvre une vari\u00e9t\u00e9 de mesures de s\u00e9curit\u00e9 pour pr\u00e9server la s\u00e9curit\u00e9 de vos informations personnelles. Nous utilisons un cryptage \u00e0 la pointe de la technologie pour prot\u00e9ger les informations sensibles transmises en ligne. Notre site internet poss\u00e8de bien entendu un Certificat SSL (Secure Socket Layer).<\/p>\n<p>Nous prot\u00e9geons \u00e9galement vos informations hors ligne. Seuls membres autoris\u00e9s de l\u2019entreprise qui ont besoin d\u2019effectuer un travail sp\u00e9cifique (par exemple, la facturation ou le service aux membres) ont acc\u00e8s aux informations personnelles identifiables. Les ordinateurs et serveurs utilis\u00e9s pour stocker des informations personnelles identifiables sont conserv\u00e9s dans un environnement s\u00e9curis\u00e9 par notre h\u00e9bergeur Hostinger.\u200b<\/p>\n<h2>ARTICLE 6 : Copie ou suppression de vos informations<\/h2>\n<p>Nous stockons les donn\u00e9es transmises via nos diff\u00e9rents formulaires de contact.<\/p>\n<p>Cependant, vous avez la possibilit\u00e9 de nous contacter par e-mail \u00e0 kineluxphysio@gmail.com ou par t\u00e9l\u00e9phone au +352 621 231 904 pour toute demande de copie ou de suppression de vos donn\u00e9es personnelles que nous stockons.\u200b<\/p>\n<h2>ARTICLE 7 : Envoi des newsletters<\/h2>\n<p>Si vous \u00eates concern\u00e9(e)s par l\u2019envoi de notre newsletter, vous pouvez en tout temps vous d\u00e9sabonner de celles-ci via une proposition sur le bas de chaque e-mail.\u200b<\/p>\n<h2>ARTICLE 8 : Politique de l\u2019h\u00e9bergeur<\/h2>\n<p>Notre h\u00e9bergeur, Hostinger, poss\u00e8de sa propre politique de confidentialit\u00e9 concernant l\u2019utilisation de vos donn\u00e9es que vous pouvez consulter en tout temps <a href=\"https:\/\/www.hostinger.fr\/politique-de-confidentialite\">ici<\/a>.<\/p>\n<h2>ARTICLE 9 : Consentement \u00e0 notre politique<\/h2>\n<p>En utilisant notre site, vous consentez \u00e0 notre politique de confidentialit\u00e9 et que celle-ci puisse \u00eatre modifi\u00e9e en tout temps par l\u2019\u00e9diteur.<\/p>[\/et_pb_text][\/et_pb_column][et_pb_column type=\u00a0\u00bb1_2&Prime; _builder_version=\u00a0\u00bb4.16&Prime; custom_padding=\u00a0\u00bb|||\u00a0\u00bb global_colors_info=\u00a0\u00bb{}\u00a0\u00bb custom_padding__hover=\u00a0\u00bb|||\u00a0\u00bb theme_builder_area=\u00a0\u00bbpost_content\u00a0\u00bb][et_pb_image src=\u00a0\u00bbhttp:\/\/luxphysio.lu\/wp-content\/uploads\/2023\/10\/Accueil-1.jpg\u00a0\u00bb alt=\u00a0\u00bbCabinet kin\u00e9 Bivange\u00a0\u00bb title_text=\u00a0\u00bbLa salle d&rsquo;accueil\u00a0\u00bb force_fullwidth=\u00a0\u00bbon\u00a0\u00bb align_tablet=\u00a0\u00bbcenter\u00a0\u00bb align_phone=\u00a0\u00bbcenter\u00a0\u00bb align_last_edited=\u00a0\u00bbon|desktop\u00a0\u00bb _builder_version=\u00a0\u00bb4.22.2&Prime; custom_margin=\u00a0\u00bb|||\u00a0\u00bb custom_padding=\u00a0\u00bb|||\u00a0\u00bb animation_style=\u00a0\u00bbslide\u00a0\u00bb animation_direction=\u00a0\u00bbright\u00a0\u00bb animation_intensity_slide=\u00a0\u00bb5%\u00a0\u00bb border_radii=\u00a0\u00bb||||30vw\u00a0\u00bb border_color_all=\u00a0\u00bb#0ee1f4&Prime; border_width_left=\u00a0\u00bb2vw\u00a0\u00bb border_color_left=\u00a0\u00bb#C1A47F\u00a0\u00bb box_shadow_style=\u00a0\u00bbpreset4&Prime; box_shadow_horizontal=\u00a0\u00bb-30px\u00a0\u00bb box_shadow_vertical=\u00a0\u00bb0px\u00a0\u00bb box_shadow_color=\u00a0\u00bbrgba(193,164,127,0.4)\u00a0\u00bb global_colors_info=\u00a0\u00bb{}\u00a0\u00bb theme_builder_area=\u00a0\u00bbpost_content\u00a0\u00bb][\/et_pb_image][\/et_pb_column][\/et_pb_row][\/et_pb_section]\n","protected":false},"excerpt":{"rendered":"<p>Politique de confidentialit\u00e9ARTICLE 1 : Collecte de vos informations Nous recueillons des informations lorsque vous remplissez nos formulaires de contact, de newsletter. Nous pouvons r\u00e9colter les informations suivantes : votre pr\u00e9nom, votre nom, votre adresse e-mail, votre num\u00e9ro de t\u00e9l\u00e9phone, votre adresse et votre localit\u00e9. En outre, nous pouvons recevoir et enregistrer automatiquement des informations \u00e0 partir de votre ordinateur et navigateur, y compris votre adresse IP, vos logiciels et votre mat\u00e9riel, et la page que vous demandez selon vos pr\u00e9f\u00e9rences cookies que vous avez s\u00e9lectionn\u00e9 via notre bandeau. ARTICLE 2 : Utilisation de vos informations Toutes les informations que nous recueillons de votre part peuvent \u00eatre utilis\u00e9es pour : Vous contacter de mani\u00e8re plus efficace ;Collecter et \u00e9tablir des statistiques pour am\u00e9liorer nos campagnes marketing et webmarketing ;Vous envoyer des newsletters dans le cas o\u00f9 vous \u00eates inscrit(e)s \u00e0 celles-ci ;Personnaliser votre exp\u00e9rience et r\u00e9pondre \u00e0 vos besoins individuels. ARTICLE 3 : Confidentialit\u00e9 de vos donn\u00e9es Nous sommes les seuls propri\u00e9taires des informations recueillies sur notre site. Vos informations personnelles ne seront pas vendues, \u00e9chang\u00e9es, transf\u00e9r\u00e9es, ou donn\u00e9es \u00e0 une autre soci\u00e9t\u00e9 pour n\u2019importe quelle raison, sans votre consentement.\u200b ARTICLE 4 : Divulgation des tiers Nous ne vendons, n\u2019\u00e9changeons [&hellip;]<\/p>\n","protected":false},"author":1,"featured_media":0,"parent":0,"menu_order":0,"comment_status":"closed","ping_status":"closed","template":"","meta":{"_et_pb_use_builder":"on","_et_pb_old_content":"","_et_gb_content_width":"","footnotes":""},"class_list":["post-390272","page","type-page","status-publish","hentry"],"yoast_head":"<!-- This site is optimized with the Yoast SEO plugin v27.3 - https:\/\/yoast.com\/product\/yoast-seo-wordpress\/ -->\n<title>Politique de confidentialit\u00e9 - LuxPhysio<\/title>\n<meta name=\"robots\" content=\"noindex, follow\" \/>\n<meta property=\"og:locale\" content=\"en_US\" \/>\n<meta property=\"og:type\" content=\"article\" \/>\n<meta property=\"og:title\" content=\"Politique de confidentialit\u00e9 - LuxPhysio\" \/>\n<meta property=\"og:description\" content=\"Politique de confidentialit\u00e9ARTICLE 1 : Collecte de vos informations Nous recueillons des informations lorsque vous remplissez nos formulaires de contact, de newsletter. Nous pouvons r\u00e9colter les informations suivantes : votre pr\u00e9nom, votre nom, votre adresse e-mail, votre num\u00e9ro de t\u00e9l\u00e9phone, votre adresse et votre localit\u00e9. En outre, nous pouvons recevoir et enregistrer automatiquement des informations \u00e0 partir de votre ordinateur et navigateur, y compris votre adresse IP, vos logiciels et votre mat\u00e9riel, et la page que vous demandez selon vos pr\u00e9f\u00e9rences cookies que vous avez s\u00e9lectionn\u00e9 via notre bandeau. ARTICLE 2 : Utilisation de vos informations Toutes les informations que nous recueillons de votre part peuvent \u00eatre utilis\u00e9es pour : Vous contacter de mani\u00e8re plus efficace ;Collecter et \u00e9tablir des statistiques pour am\u00e9liorer nos campagnes marketing et webmarketing ;Vous envoyer des newsletters dans le cas o\u00f9 vous \u00eates inscrit(e)s \u00e0 celles-ci ;Personnaliser votre exp\u00e9rience et r\u00e9pondre \u00e0 vos besoins individuels. ARTICLE 3 : Confidentialit\u00e9 de vos donn\u00e9es Nous sommes les seuls propri\u00e9taires des informations recueillies sur notre site. Vos informations personnelles ne seront pas vendues, \u00e9chang\u00e9es, transf\u00e9r\u00e9es, ou donn\u00e9es \u00e0 une autre soci\u00e9t\u00e9 pour n\u2019importe quelle raison, sans votre consentement.\u200b ARTICLE 4 : Divulgation des tiers Nous ne vendons, n\u2019\u00e9changeons [&hellip;]\" \/>\n<meta property=\"og:url\" content=\"https:\/\/luxphysio.lu\/en\/privacy-policy\/\" \/>\n<meta property=\"og:site_name\" content=\"LuxPhysio\" \/>\n<meta property=\"article:modified_time\" content=\"2023-10-12T09:33:03+00:00\" \/>\n<meta name=\"twitter:card\" content=\"summary_large_image\" \/>\n<meta name=\"twitter:label1\" content=\"Est. reading time\" \/>\n\t<meta name=\"twitter:data1\" content=\"4 minutes\" \/>\n<script type=\"application\/ld+json\" class=\"yoast-schema-graph\">{\"@context\":\"https:\\\/\\\/schema.org\",\"@graph\":[{\"@type\":\"WebPage\",\"@id\":\"https:\\\/\\\/luxphysio.lu\\\/politique-de-confidentialite\\\/\",\"url\":\"https:\\\/\\\/luxphysio.lu\\\/politique-de-confidentialite\\\/\",\"name\":\"Politique de confidentialit\u00e9 - LuxPhysio\",\"isPartOf\":{\"@id\":\"https:\\\/\\\/luxphysio.lu\\\/#website\"},\"datePublished\":\"2023-10-12T09:05:25+00:00\",\"dateModified\":\"2023-10-12T09:33:03+00:00\",\"breadcrumb\":{\"@id\":\"https:\\\/\\\/luxphysio.lu\\\/politique-de-confidentialite\\\/#breadcrumb\"},\"inLanguage\":\"en-US\",\"potentialAction\":[{\"@type\":\"ReadAction\",\"target\":[\"https:\\\/\\\/luxphysio.lu\\\/politique-de-confidentialite\\\/\"]}]},{\"@type\":\"BreadcrumbList\",\"@id\":\"https:\\\/\\\/luxphysio.lu\\\/politique-de-confidentialite\\\/#breadcrumb\",\"itemListElement\":[{\"@type\":\"ListItem\",\"position\":1,\"name\":\"Accueil\",\"item\":\"https:\\\/\\\/luxphysio.lu\\\/\"},{\"@type\":\"ListItem\",\"position\":2,\"name\":\"Politique de confidentialit\u00e9\"}]},{\"@type\":\"WebSite\",\"@id\":\"https:\\\/\\\/luxphysio.lu\\\/#website\",\"url\":\"https:\\\/\\\/luxphysio.lu\\\/\",\"name\":\"LuxPhysio\",\"description\":\"\",\"publisher\":{\"@id\":\"https:\\\/\\\/luxphysio.lu\\\/#organization\"},\"potentialAction\":[{\"@type\":\"SearchAction\",\"target\":{\"@type\":\"EntryPoint\",\"urlTemplate\":\"https:\\\/\\\/luxphysio.lu\\\/?s={search_term_string}\"},\"query-input\":{\"@type\":\"PropertyValueSpecification\",\"valueRequired\":true,\"valueName\":\"search_term_string\"}}],\"inLanguage\":\"en-US\"},{\"@type\":\"Organization\",\"@id\":\"https:\\\/\\\/luxphysio.lu\\\/#organization\",\"name\":\"LuxPhysio\",\"url\":\"https:\\\/\\\/luxphysio.lu\\\/\",\"logo\":{\"@type\":\"ImageObject\",\"inLanguage\":\"en-US\",\"@id\":\"https:\\\/\\\/luxphysio.lu\\\/#\\\/schema\\\/logo\\\/image\\\/\",\"url\":\"http:\\\/\\\/luxphysio.lu\\\/wp-content\\\/uploads\\\/2023\\\/09\\\/13.png\",\"contentUrl\":\"http:\\\/\\\/luxphysio.lu\\\/wp-content\\\/uploads\\\/2023\\\/09\\\/13.png\",\"width\":1630,\"height\":819,\"caption\":\"LuxPhysio\"},\"image\":{\"@id\":\"https:\\\/\\\/luxphysio.lu\\\/#\\\/schema\\\/logo\\\/image\\\/\"}}]}<\/script>\n<!-- \/ Yoast SEO plugin. -->","yoast_head_json":{"title":"Privacy policy - LuxPhysio","robots":{"index":"noindex","follow":"follow"},"og_locale":"en_US","og_type":"article","og_title":"Politique de confidentialit\u00e9 - LuxPhysio","og_description":"Politique de confidentialit\u00e9ARTICLE 1 : Collecte de vos informations Nous recueillons des informations lorsque vous remplissez nos formulaires de contact, de newsletter. Nous pouvons r\u00e9colter les informations suivantes : votre pr\u00e9nom, votre nom, votre adresse e-mail, votre num\u00e9ro de t\u00e9l\u00e9phone, votre adresse et votre localit\u00e9. En outre, nous pouvons recevoir et enregistrer automatiquement des informations \u00e0 partir de votre ordinateur et navigateur, y compris votre adresse IP, vos logiciels et votre mat\u00e9riel, et la page que vous demandez selon vos pr\u00e9f\u00e9rences cookies que vous avez s\u00e9lectionn\u00e9 via notre bandeau. ARTICLE 2 : Utilisation de vos informations Toutes les informations que nous recueillons de votre part peuvent \u00eatre utilis\u00e9es pour : Vous contacter de mani\u00e8re plus efficace ;Collecter et \u00e9tablir des statistiques pour am\u00e9liorer nos campagnes marketing et webmarketing ;Vous envoyer des newsletters dans le cas o\u00f9 vous \u00eates inscrit(e)s \u00e0 celles-ci ;Personnaliser votre exp\u00e9rience et r\u00e9pondre \u00e0 vos besoins individuels. ARTICLE 3 : Confidentialit\u00e9 de vos donn\u00e9es Nous sommes les seuls propri\u00e9taires des informations recueillies sur notre site. Vos informations personnelles ne seront pas vendues, \u00e9chang\u00e9es, transf\u00e9r\u00e9es, ou donn\u00e9es \u00e0 une autre soci\u00e9t\u00e9 pour n\u2019importe quelle raison, sans votre consentement.\u200b ARTICLE 4 : Divulgation des tiers Nous ne vendons, n\u2019\u00e9changeons [&hellip;]","og_url":"https:\/\/luxphysio.lu\/en\/privacy-policy\/","og_site_name":"LuxPhysio","article_modified_time":"2023-10-12T09:33:03+00:00","twitter_card":"summary_large_image","twitter_misc":{"Est. reading time":"4 minutes"},"schema":{"@context":"https:\/\/schema.org","@graph":[{"@type":"WebPage","@id":"https:\/\/luxphysio.lu\/politique-de-confidentialite\/","url":"https:\/\/luxphysio.lu\/politique-de-confidentialite\/","name":"Privacy policy - LuxPhysio","isPartOf":{"@id":"https:\/\/luxphysio.lu\/#website"},"datePublished":"2023-10-12T09:05:25+00:00","dateModified":"2023-10-12T09:33:03+00:00","breadcrumb":{"@id":"https:\/\/luxphysio.lu\/politique-de-confidentialite\/#breadcrumb"},"inLanguage":"en-US","potentialAction":[{"@type":"ReadAction","target":["https:\/\/luxphysio.lu\/politique-de-confidentialite\/"]}]},{"@type":"BreadcrumbList","@id":"https:\/\/luxphysio.lu\/politique-de-confidentialite\/#breadcrumb","itemListElement":[{"@type":"ListItem","position":1,"name":"Accueil","item":"https:\/\/luxphysio.lu\/"},{"@type":"ListItem","position":2,"name":"Politique de confidentialit\u00e9"}]},{"@type":"WebSite","@id":"https:\/\/luxphysio.lu\/#website","url":"https:\/\/luxphysio.lu\/","name":"LuxPhysio","description":"","publisher":{"@id":"https:\/\/luxphysio.lu\/#organization"},"potentialAction":[{"@type":"SearchAction","target":{"@type":"EntryPoint","urlTemplate":"https:\/\/luxphysio.lu\/?s={search_term_string}"},"query-input":{"@type":"PropertyValueSpecification","valueRequired":true,"valueName":"search_term_string"}}],"inLanguage":"en-US"},{"@type":"Organization","@id":"https:\/\/luxphysio.lu\/#organization","name":"LuxPhysio","url":"https:\/\/luxphysio.lu\/","logo":{"@type":"ImageObject","inLanguage":"en-US","@id":"https:\/\/luxphysio.lu\/#\/schema\/logo\/image\/","url":"http:\/\/luxphysio.lu\/wp-content\/uploads\/2023\/09\/13.png","contentUrl":"http:\/\/luxphysio.lu\/wp-content\/uploads\/2023\/09\/13.png","width":1630,"height":819,"caption":"LuxPhysio"},"image":{"@id":"https:\/\/luxphysio.lu\/#\/schema\/logo\/image\/"}}]}},"_links":{"self":[{"href":"https:\/\/luxphysio.lu\/en\/wp-json\/wp\/v2\/pages\/390272","targetHints":{"allow":["GET"]}}],"collection":[{"href":"https:\/\/luxphysio.lu\/en\/wp-json\/wp\/v2\/pages"}],"about":[{"href":"https:\/\/luxphysio.lu\/en\/wp-json\/wp\/v2\/types\/page"}],"author":[{"embeddable":true,"href":"https:\/\/luxphysio.lu\/en\/wp-json\/wp\/v2\/users\/1"}],"replies":[{"embeddable":true,"href":"https:\/\/luxphysio.lu\/en\/wp-json\/wp\/v2\/comments?post=390272"}],"version-history":[{"count":4,"href":"https:\/\/luxphysio.lu\/en\/wp-json\/wp\/v2\/pages\/390272\/revisions"}],"predecessor-version":[{"id":390277,"href":"https:\/\/luxphysio.lu\/en\/wp-json\/wp\/v2\/pages\/390272\/revisions\/390277"}],"wp:attachment":[{"href":"https:\/\/luxphysio.lu\/en\/wp-json\/wp\/v2\/media?parent=390272"}],"curies":[{"name":"wp","href":"https:\/\/api.w.org\/{rel}","templated":true}]}}