{"id":390265,"date":"2023-10-12T08:59:06","date_gmt":"2023-10-12T08:59:06","guid":{"rendered":"https:\/\/luxphysio.testpw.link\/?page_id=390265"},"modified":"2023-10-12T09:32:50","modified_gmt":"2023-10-12T09:32:50","slug":"rechtliche-hinweise","status":"publish","type":"page","link":"https:\/\/luxphysio.lu\/de\/mentions-legales\/","title":{"rendered":"Rechtliche Hinweise"},"content":{"rendered":"\n[et_pb_section fb_built=\u00a0\u00bb1&Prime; custom_padding_last_edited=\u00a0\u00bbon|tablet\u00a0\u00bb admin_label=\u00a0\u00bbHero\u00a0\u00bb _builder_version=\u00a0\u00bb4.22.1&Prime; custom_padding=\u00a0\u00bb130px|0px|54px|0px|false|false\u00a0\u00bb custom_padding_tablet=\u00a0\u00bb90px|0px|54px|0px|false|false\u00a0\u00bb custom_padding_phone=\u00a0\u00bb40px|0px|0px|0px|false|false\u00a0\u00bb bottom_divider_height=\u00a0\u00bb0px\u00a0\u00bb border_width_bottom=\u00a0\u00bb1px\u00a0\u00bb border_color_bottom=\u00a0\u00bb#efefef\u00a0\u00bb global_colors_info=\u00a0\u00bb{}\u00a0\u00bb theme_builder_area=\u00a0\u00bbpost_content\u00a0\u00bb][et_pb_row column_structure=\u00a0\u00bb1_2,1_2&Prime; _builder_version=\u00a0\u00bb4.16&Prime; width=\u00a0\u00bb100%\u00a0\u00bb max_width=\u00a0\u00bb100%\u00a0\u00bb custom_margin=\u00a0\u00bb|||\u00a0\u00bb custom_margin_tablet=\u00a0\u00bb||0px|\u00a0\u00bb custom_margin_phone=\u00a0\u00bb\u00a0\u00bb custom_margin_last_edited=\u00a0\u00bbon|desktop\u00a0\u00bb custom_padding=\u00a0\u00bb0|0px|27px|0px|false|false\u00a0\u00bb use_custom_width=\u00a0\u00bbon\u00a0\u00bb width_unit=\u00a0\u00bboff\u00a0\u00bb custom_width_percent=\u00a0\u00bb100%\u00a0\u00bb global_colors_info=\u00a0\u00bb{}\u00a0\u00bb theme_builder_area=\u00a0\u00bbpost_content\u00a0\u00bb][et_pb_column type=\u00a0\u00bb1_2&Prime; _builder_version=\u00a0\u00bb4.16&Prime; custom_padding=\u00a0\u00bb6%||6%|12%\u00a0\u00bb custom_padding_tablet=\u00a0\u00bb50px|50px|50px|50px\u00a0\u00bb custom_padding_phone=\u00a0\u00bb50px|50px|50px|50px\u00a0\u00bb custom_padding_last_edited=\u00a0\u00bbon|tablet\u00a0\u00bb global_colors_info=\u00a0\u00bb{}\u00a0\u00bb padding_tablet=\u00a0\u00bb50px|50px|50px|50px\u00a0\u00bb padding_last_edited=\u00a0\u00bbon|tablet\u00a0\u00bb custom_padding__hover=\u00a0\u00bb|||\u00a0\u00bb padding_phone=\u00a0\u00bb50px|50px|50px|50px\u00a0\u00bb theme_builder_area=\u00a0\u00bbpost_content\u00a0\u00bb][et_pb_text _builder_version=\u00a0\u00bb4.22.2&Prime; text_font=\u00a0\u00bbMontserrat|300|||||||\u00a0\u00bb text_text_color=\u00a0\u00bb#677a92&Prime; text_font_size=\u00a0\u00bb16px\u00a0\u00bb text_line_height=\u00a0\u00bb1.8em\u00a0\u00bb header_font=\u00a0\u00bbMontserrat||||||||\u00a0\u00bb header_text_color=\u00a0\u00bb#000000&Prime; header_font_size=\u00a0\u00bb50px\u00a0\u00bb header_line_height=\u00a0\u00bb1.3em\u00a0\u00bb header_2_font=\u00a0\u00bb||||||||\u00a0\u00bb max_width=\u00a0\u00bb600px\u00a0\u00bb custom_margin=\u00a0\u00bb|||\u00a0\u00bb custom_margin_tablet=\u00a0\u00bb0px|50px||50px\u00a0\u00bb custom_margin_phone=\u00a0\u00bb|20px||\u00a0\u00bb custom_margin_last_edited=\u00a0\u00bboff|desktop\u00a0\u00bb custom_padding=\u00a0\u00bb|||\u00a0\u00bb hover_enabled=\u00a0\u00bb0&Prime; text_line_height_tablet=\u00a0\u00bb1.8em\u00a0\u00bb text_line_height_phone=\u00a0\u00bb1.8em\u00a0\u00bb text_line_height_last_edited=\u00a0\u00bbon|phone\u00a0\u00bb header_font_size_tablet=\u00a0\u00bb\u00a0\u00bb header_font_size_phone=\u00a0\u00bb34px\u00a0\u00bb header_font_size_last_edited=\u00a0\u00bbon|phone\u00a0\u00bb header_2_font_size_phone=\u00a0\u00bb30px\u00a0\u00bb header_2_font_size_last_edited=\u00a0\u00bboff|desktop\u00a0\u00bb locked=\u00a0\u00bboff\u00a0\u00bb global_colors_info=\u00a0\u00bb{}\u00a0\u00bb theme_builder_area=\u00a0\u00bbpost_content\u00a0\u00bb sticky_enabled=\u00a0\u00bb0&Prime;]<h1>Mentions l\u00e9gales<\/h1>[\/et_pb_text][et_pb_text _builder_version=\u00a0\u00bb4.22.2&Prime; text_font=\u00a0\u00bbMontserrat|300|||||||\u00a0\u00bb text_font_size=\u00a0\u00bb16px\u00a0\u00bb text_line_height=\u00a0\u00bb2em\u00a0\u00bb link_font=\u00a0\u00bb||||||||\u00a0\u00bb ul_font=\u00a0\u00bb||||||||\u00a0\u00bb ol_font=\u00a0\u00bb||||||||\u00a0\u00bb quote_font=\u00a0\u00bb||||||||\u00a0\u00bb header_font=\u00a0\u00bb||||||||\u00a0\u00bb header_2_font=\u00a0\u00bbMontserrat|300|||||||\u00a0\u00bb header_2_text_color=\u00a0\u00bb#212d3b\u00a0\u00bb header_2_font_size=\u00a0\u00bb25px\u00a0\u00bb header_2_line_height=\u00a0\u00bb1.5em\u00a0\u00bb max_width=\u00a0\u00bb600px\u00a0\u00bb custom_margin=\u00a0\u00bb|||\u00a0\u00bb custom_padding=\u00a0\u00bb|||\u00a0\u00bb hover_enabled=\u00a0\u00bb0&Prime; global_colors_info=\u00a0\u00bb{}\u00a0\u00bb theme_builder_area=\u00a0\u00bbpost_content\u00a0\u00bb locked=\u00a0\u00bboff\u00a0\u00bb sticky_enabled=\u00a0\u00bb0&Prime; header_2_font_size_last_edited=\u00a0\u00bbon|desktop\u00a0\u00bb header_2_font_size_tablet=\u00a0\u00bb25px\u00a0\u00bb header_2_font_size_phone=\u00a0\u00bb25px\u00a0\u00bb]<h2>1 \u2013 \u00c9dition du site<\/h2>\n<p>En vertu de l\u2019article 6 de la loi n\u00b0 2004-575 du 21 juin 2004 pour la confiance dans l\u2019\u00e9conomie num\u00e9rique, il est pr\u00e9cis\u00e9 aux utilisateurs du site internet https:\/\/luxphysio.lu\/ l\u2019identit\u00e9 des diff\u00e9rents intervenants dans le cadre de sa r\u00e9alisation et de son suivi:<\/p>\n<p>Propri\u00e9taire du site : LuxPhysio<br \/>Contact : kineluxphysio@gmail.com, +352 621 231 904<br \/>Adresse : 22 rue des Artisans 3712 RUMELANGE<\/p>\n<p>Identification de l\u2019entreprise : LuxPhysio<\/p>\n<p>Directeur de la publication : Mme Sarah SPAUS<br \/>Contact : kineluxphysio@gmail.com<\/p>\n<p>H\u00e9bergeur : Hostinger, Kaunas, Lituanie, Hostinger, UAB Jonavos g. 60C, 44192<\/p>\n<p>D\u00e9l\u00e9gu\u00e9 \u00e0 la protection des donn\u00e9es : Mme Sarah SPAUS<br \/>Contact : kineluxphysio@gmail.com<\/p>\n<h2>2 \u2013 Propri\u00e9t\u00e9 intellectuelle et contrefa\u00e7ons<\/h2>\n<p>LuxPhysio est propri\u00e9taire des droits de propri\u00e9t\u00e9 intellectuelle et d\u00e9tient les droits d\u2019usage sur tous les \u00e9l\u00e9ments accessibles sur le site internet.<\/p>\n<h2>3 \u2013 Limitations de responsabilit\u00e9<\/h2>\n<p>LuxPhysio ne pourra \u00eatre tenu pour responsable des dommages directs et indirects caus\u00e9s au mat\u00e9riel de l&rsquo;utilisateur lors de l&rsquo;acc\u00e8s au site.<\/p>\n<h2>4 \u2013 CNIL et gestion des donn\u00e9es personnelles<\/h2>\n<p>Conform\u00e9ment \u00e0 la loi, l\u2019utilisateur du site dispose d\u2019un droit d\u2019acc\u00e8s, de modification et de suppression des informations collect\u00e9es. Pour exercer ce droit, envoyez un message \u00e0 notre D\u00e9l\u00e9gu\u00e9 \u00e0 la Protection des Donn\u00e9es : Mme Sarah SPAUS.<\/p>\n<h2>5 \u2013 Liens hypertextes et cookies<\/h2>\n<p>Le site contient des liens hypertextes vers d\u2019autres sites. LuxPhysio d\u00e9gage toute responsabilit\u00e9 \u00e0 propos de ces liens.<\/p>\n<h2>6 \u2013 Droit applicable et attribution de juridiction<\/h2>\n<p>Tout litige en relation avec l\u2019utilisation du site est soumis au droit luxembourgeois.<\/p>[\/et_pb_text][\/et_pb_column][et_pb_column type=\u00a0\u00bb1_2&Prime; _builder_version=\u00a0\u00bb4.16&Prime; custom_padding=\u00a0\u00bb|||\u00a0\u00bb global_colors_info=\u00a0\u00bb{}\u00a0\u00bb custom_padding__hover=\u00a0\u00bb|||\u00a0\u00bb theme_builder_area=\u00a0\u00bbpost_content\u00a0\u00bb][et_pb_image src=\u00a0\u00bbhttp:\/\/luxphysio.lu\/wp-content\/uploads\/2023\/10\/Accueil-1.jpg\u00a0\u00bb alt=\u00a0\u00bbCabinet kin\u00e9 Bivange\u00a0\u00bb force_fullwidth=\u00a0\u00bbon\u00a0\u00bb align_tablet=\u00a0\u00bbcenter\u00a0\u00bb align_phone=\u00a0\u00bbcenter\u00a0\u00bb align_last_edited=\u00a0\u00bbon|desktop\u00a0\u00bb _builder_version=\u00a0\u00bb4.22.2&Prime; custom_margin=\u00a0\u00bb|||\u00a0\u00bb custom_padding=\u00a0\u00bb|||\u00a0\u00bb animation_style=\u00a0\u00bbslide\u00a0\u00bb animation_direction=\u00a0\u00bbright\u00a0\u00bb animation_intensity_slide=\u00a0\u00bb5%\u00a0\u00bb hover_enabled=\u00a0\u00bb0&Prime; border_radii=\u00a0\u00bb||||30vw\u00a0\u00bb border_color_all=\u00a0\u00bb#0ee1f4&Prime; border_width_left=\u00a0\u00bb2vw\u00a0\u00bb border_color_left=\u00a0\u00bb#C1A47F\u00a0\u00bb box_shadow_style=\u00a0\u00bbpreset4&Prime; box_shadow_horizontal=\u00a0\u00bb-30px\u00a0\u00bb box_shadow_vertical=\u00a0\u00bb0px\u00a0\u00bb box_shadow_color=\u00a0\u00bbrgba(193,164,127,0.4)\u00a0\u00bb global_colors_info=\u00a0\u00bb{}\u00a0\u00bb theme_builder_area=\u00a0\u00bbpost_content\u00a0\u00bb title_text=\u00a0\u00bbLa salle d&rsquo;accueil\u00a0\u00bb sticky_enabled=\u00a0\u00bb0&Prime;][\/et_pb_image][\/et_pb_column][\/et_pb_row][\/et_pb_section]\n","protected":false},"excerpt":{"rendered":"<p>Mentions l\u00e9gales1 \u2013 \u00c9dition du site En vertu de l\u2019article 6 de la loi n\u00b0 2004-575 du 21 juin 2004 pour la confiance dans l\u2019\u00e9conomie num\u00e9rique, il est pr\u00e9cis\u00e9 aux utilisateurs du site internet https:\/\/luxphysio.lu\/ l\u2019identit\u00e9 des diff\u00e9rents intervenants dans le cadre de sa r\u00e9alisation et de son suivi: Propri\u00e9taire du site : LuxPhysioContact : kineluxphysio@gmail.com, +352 621 231 904Adresse : 22 rue des Artisans 3712 RUMELANGE Identification de l\u2019entreprise : LuxPhysio Directeur de la publication : Mme Sarah SPAUSContact : kineluxphysio@gmail.com H\u00e9bergeur : Hostinger, Kaunas, Lituanie, Hostinger, UAB Jonavos g. 60C, 44192 D\u00e9l\u00e9gu\u00e9 \u00e0 la protection des donn\u00e9es : Mme Sarah SPAUSContact : kineluxphysio@gmail.com 2 \u2013 Propri\u00e9t\u00e9 intellectuelle et contrefa\u00e7ons LuxPhysio est propri\u00e9taire des droits de propri\u00e9t\u00e9 intellectuelle et d\u00e9tient les droits d\u2019usage sur tous les \u00e9l\u00e9ments accessibles sur le site internet. 3 \u2013 Limitations de responsabilit\u00e9 LuxPhysio ne pourra \u00eatre tenu pour responsable des dommages directs et indirects caus\u00e9s au mat\u00e9riel de l&rsquo;utilisateur lors de l&rsquo;acc\u00e8s au site. 4 \u2013 CNIL et gestion des donn\u00e9es personnelles Conform\u00e9ment \u00e0 la loi, l\u2019utilisateur du site dispose d\u2019un droit d\u2019acc\u00e8s, de modification et de suppression des informations collect\u00e9es. Pour exercer ce droit, envoyez un message \u00e0 notre D\u00e9l\u00e9gu\u00e9 \u00e0 la Protection [&hellip;]<\/p>\n","protected":false},"author":1,"featured_media":0,"parent":0,"menu_order":0,"comment_status":"closed","ping_status":"closed","template":"","meta":{"_et_pb_use_builder":"on","_et_pb_old_content":"","_et_gb_content_width":"","footnotes":""},"class_list":["post-390265","page","type-page","status-publish","hentry"],"yoast_head":"<!-- This site is optimized with the Yoast SEO plugin v27.3 - https:\/\/yoast.com\/product\/yoast-seo-wordpress\/ -->\n<title>Mentions l\u00e9gales - LuxPhysio<\/title>\n<meta name=\"robots\" content=\"noindex, follow\" \/>\n<meta property=\"og:locale\" content=\"de_DE\" \/>\n<meta property=\"og:type\" content=\"article\" \/>\n<meta property=\"og:title\" content=\"Mentions l\u00e9gales - LuxPhysio\" \/>\n<meta property=\"og:description\" content=\"Mentions l\u00e9gales1 \u2013 \u00c9dition du site En vertu de l\u2019article 6 de la loi n\u00b0 2004-575 du 21 juin 2004 pour la confiance dans l\u2019\u00e9conomie num\u00e9rique, il est pr\u00e9cis\u00e9 aux utilisateurs du site internet https:\/\/luxphysio.lu\/ l\u2019identit\u00e9 des diff\u00e9rents intervenants dans le cadre de sa r\u00e9alisation et de son suivi: Propri\u00e9taire du site : LuxPhysioContact : kineluxphysio@gmail.com, +352 621 231 904Adresse : 22 rue des Artisans 3712 RUMELANGE Identification de l\u2019entreprise : LuxPhysio Directeur de la publication : Mme Sarah SPAUSContact : kineluxphysio@gmail.com H\u00e9bergeur : Hostinger, Kaunas, Lituanie, Hostinger, UAB Jonavos g. 60C, 44192 D\u00e9l\u00e9gu\u00e9 \u00e0 la protection des donn\u00e9es : Mme Sarah SPAUSContact : kineluxphysio@gmail.com 2 \u2013 Propri\u00e9t\u00e9 intellectuelle et contrefa\u00e7ons LuxPhysio est propri\u00e9taire des droits de propri\u00e9t\u00e9 intellectuelle et d\u00e9tient les droits d\u2019usage sur tous les \u00e9l\u00e9ments accessibles sur le site internet. 3 \u2013 Limitations de responsabilit\u00e9 LuxPhysio ne pourra \u00eatre tenu pour responsable des dommages directs et indirects caus\u00e9s au mat\u00e9riel de l&#039;utilisateur lors de l&#039;acc\u00e8s au site. 4 \u2013 CNIL et gestion des donn\u00e9es personnelles Conform\u00e9ment \u00e0 la loi, l\u2019utilisateur du site dispose d\u2019un droit d\u2019acc\u00e8s, de modification et de suppression des informations collect\u00e9es. Pour exercer ce droit, envoyez un message \u00e0 notre D\u00e9l\u00e9gu\u00e9 \u00e0 la Protection [&hellip;]\" \/>\n<meta property=\"og:url\" content=\"https:\/\/luxphysio.lu\/de\/rechtliche-hinweise\/\" \/>\n<meta property=\"og:site_name\" content=\"LuxPhysio\" \/>\n<meta property=\"article:modified_time\" content=\"2023-10-12T09:32:50+00:00\" \/>\n<meta name=\"twitter:card\" content=\"summary_large_image\" \/>\n<meta name=\"twitter:label1\" content=\"Gesch\u00e4tzte Lesezeit\" \/>\n\t<meta name=\"twitter:data1\" content=\"2\u00a0Minuten\" \/>\n<script type=\"application\/ld+json\" class=\"yoast-schema-graph\">{\"@context\":\"https:\\\/\\\/schema.org\",\"@graph\":[{\"@type\":\"WebPage\",\"@id\":\"https:\\\/\\\/luxphysio.lu\\\/mentions-legales\\\/\",\"url\":\"https:\\\/\\\/luxphysio.lu\\\/mentions-legales\\\/\",\"name\":\"Mentions l\u00e9gales - LuxPhysio\",\"isPartOf\":{\"@id\":\"https:\\\/\\\/luxphysio.lu\\\/#website\"},\"datePublished\":\"2023-10-12T08:59:06+00:00\",\"dateModified\":\"2023-10-12T09:32:50+00:00\",\"breadcrumb\":{\"@id\":\"https:\\\/\\\/luxphysio.lu\\\/mentions-legales\\\/#breadcrumb\"},\"inLanguage\":\"de\",\"potentialAction\":[{\"@type\":\"ReadAction\",\"target\":[\"https:\\\/\\\/luxphysio.lu\\\/mentions-legales\\\/\"]}]},{\"@type\":\"BreadcrumbList\",\"@id\":\"https:\\\/\\\/luxphysio.lu\\\/mentions-legales\\\/#breadcrumb\",\"itemListElement\":[{\"@type\":\"ListItem\",\"position\":1,\"name\":\"Accueil\",\"item\":\"https:\\\/\\\/luxphysio.lu\\\/\"},{\"@type\":\"ListItem\",\"position\":2,\"name\":\"Mentions l\u00e9gales\"}]},{\"@type\":\"WebSite\",\"@id\":\"https:\\\/\\\/luxphysio.lu\\\/#website\",\"url\":\"https:\\\/\\\/luxphysio.lu\\\/\",\"name\":\"LuxPhysio\",\"description\":\"\",\"publisher\":{\"@id\":\"https:\\\/\\\/luxphysio.lu\\\/#organization\"},\"potentialAction\":[{\"@type\":\"SearchAction\",\"target\":{\"@type\":\"EntryPoint\",\"urlTemplate\":\"https:\\\/\\\/luxphysio.lu\\\/?s={search_term_string}\"},\"query-input\":{\"@type\":\"PropertyValueSpecification\",\"valueRequired\":true,\"valueName\":\"search_term_string\"}}],\"inLanguage\":\"de\"},{\"@type\":\"Organization\",\"@id\":\"https:\\\/\\\/luxphysio.lu\\\/#organization\",\"name\":\"LuxPhysio\",\"url\":\"https:\\\/\\\/luxphysio.lu\\\/\",\"logo\":{\"@type\":\"ImageObject\",\"inLanguage\":\"de\",\"@id\":\"https:\\\/\\\/luxphysio.lu\\\/#\\\/schema\\\/logo\\\/image\\\/\",\"url\":\"http:\\\/\\\/luxphysio.lu\\\/wp-content\\\/uploads\\\/2023\\\/09\\\/13.png\",\"contentUrl\":\"http:\\\/\\\/luxphysio.lu\\\/wp-content\\\/uploads\\\/2023\\\/09\\\/13.png\",\"width\":1630,\"height\":819,\"caption\":\"LuxPhysio\"},\"image\":{\"@id\":\"https:\\\/\\\/luxphysio.lu\\\/#\\\/schema\\\/logo\\\/image\\\/\"}}]}<\/script>\n<!-- \/ Yoast SEO plugin. -->","yoast_head_json":{"title":"Rechtliche Hinweise - LuxPhysio","robots":{"index":"noindex","follow":"follow"},"og_locale":"de_DE","og_type":"article","og_title":"Mentions l\u00e9gales - LuxPhysio","og_description":"Mentions l\u00e9gales1 \u2013 \u00c9dition du site En vertu de l\u2019article 6 de la loi n\u00b0 2004-575 du 21 juin 2004 pour la confiance dans l\u2019\u00e9conomie num\u00e9rique, il est pr\u00e9cis\u00e9 aux utilisateurs du site internet https:\/\/luxphysio.lu\/ l\u2019identit\u00e9 des diff\u00e9rents intervenants dans le cadre de sa r\u00e9alisation et de son suivi: Propri\u00e9taire du site : LuxPhysioContact : kineluxphysio@gmail.com, +352 621 231 904Adresse : 22 rue des Artisans 3712 RUMELANGE Identification de l\u2019entreprise : LuxPhysio Directeur de la publication : Mme Sarah SPAUSContact : kineluxphysio@gmail.com H\u00e9bergeur : Hostinger, Kaunas, Lituanie, Hostinger, UAB Jonavos g. 60C, 44192 D\u00e9l\u00e9gu\u00e9 \u00e0 la protection des donn\u00e9es : Mme Sarah SPAUSContact : kineluxphysio@gmail.com 2 \u2013 Propri\u00e9t\u00e9 intellectuelle et contrefa\u00e7ons LuxPhysio est propri\u00e9taire des droits de propri\u00e9t\u00e9 intellectuelle et d\u00e9tient les droits d\u2019usage sur tous les \u00e9l\u00e9ments accessibles sur le site internet. 3 \u2013 Limitations de responsabilit\u00e9 LuxPhysio ne pourra \u00eatre tenu pour responsable des dommages directs et indirects caus\u00e9s au mat\u00e9riel de l'utilisateur lors de l'acc\u00e8s au site. 4 \u2013 CNIL et gestion des donn\u00e9es personnelles Conform\u00e9ment \u00e0 la loi, l\u2019utilisateur du site dispose d\u2019un droit d\u2019acc\u00e8s, de modification et de suppression des informations collect\u00e9es. Pour exercer ce droit, envoyez un message \u00e0 notre D\u00e9l\u00e9gu\u00e9 \u00e0 la Protection [&hellip;]","og_url":"https:\/\/luxphysio.lu\/de\/rechtliche-hinweise\/","og_site_name":"LuxPhysio","article_modified_time":"2023-10-12T09:32:50+00:00","twitter_card":"summary_large_image","twitter_misc":{"Gesch\u00e4tzte Lesezeit":"2\u00a0Minuten"},"schema":{"@context":"https:\/\/schema.org","@graph":[{"@type":"WebPage","@id":"https:\/\/luxphysio.lu\/mentions-legales\/","url":"https:\/\/luxphysio.lu\/mentions-legales\/","name":"Rechtliche Hinweise - LuxPhysio","isPartOf":{"@id":"https:\/\/luxphysio.lu\/#website"},"datePublished":"2023-10-12T08:59:06+00:00","dateModified":"2023-10-12T09:32:50+00:00","breadcrumb":{"@id":"https:\/\/luxphysio.lu\/mentions-legales\/#breadcrumb"},"inLanguage":"de","potentialAction":[{"@type":"ReadAction","target":["https:\/\/luxphysio.lu\/mentions-legales\/"]}]},{"@type":"BreadcrumbList","@id":"https:\/\/luxphysio.lu\/mentions-legales\/#breadcrumb","itemListElement":[{"@type":"ListItem","position":1,"name":"Accueil","item":"https:\/\/luxphysio.lu\/"},{"@type":"ListItem","position":2,"name":"Mentions l\u00e9gales"}]},{"@type":"WebSite","@id":"https:\/\/luxphysio.lu\/#website","url":"https:\/\/luxphysio.lu\/","name":"LuxPhysio","description":"","publisher":{"@id":"https:\/\/luxphysio.lu\/#organization"},"potentialAction":[{"@type":"SearchAction","target":{"@type":"EntryPoint","urlTemplate":"https:\/\/luxphysio.lu\/?s={search_term_string}"},"query-input":{"@type":"PropertyValueSpecification","valueRequired":true,"valueName":"search_term_string"}}],"inLanguage":"de"},{"@type":"Organization","@id":"https:\/\/luxphysio.lu\/#organization","name":"LuxPhysio","url":"https:\/\/luxphysio.lu\/","logo":{"@type":"ImageObject","inLanguage":"de","@id":"https:\/\/luxphysio.lu\/#\/schema\/logo\/image\/","url":"http:\/\/luxphysio.lu\/wp-content\/uploads\/2023\/09\/13.png","contentUrl":"http:\/\/luxphysio.lu\/wp-content\/uploads\/2023\/09\/13.png","width":1630,"height":819,"caption":"LuxPhysio"},"image":{"@id":"https:\/\/luxphysio.lu\/#\/schema\/logo\/image\/"}}]}},"_links":{"self":[{"href":"https:\/\/luxphysio.lu\/de\/wp-json\/wp\/v2\/pages\/390265","targetHints":{"allow":["GET"]}}],"collection":[{"href":"https:\/\/luxphysio.lu\/de\/wp-json\/wp\/v2\/pages"}],"about":[{"href":"https:\/\/luxphysio.lu\/de\/wp-json\/wp\/v2\/types\/page"}],"author":[{"embeddable":true,"href":"https:\/\/luxphysio.lu\/de\/wp-json\/wp\/v2\/users\/1"}],"replies":[{"embeddable":true,"href":"https:\/\/luxphysio.lu\/de\/wp-json\/wp\/v2\/comments?post=390265"}],"version-history":[{"count":6,"href":"https:\/\/luxphysio.lu\/de\/wp-json\/wp\/v2\/pages\/390265\/revisions"}],"predecessor-version":[{"id":390278,"href":"https:\/\/luxphysio.lu\/de\/wp-json\/wp\/v2\/pages\/390265\/revisions\/390278"}],"wp:attachment":[{"href":"https:\/\/luxphysio.lu\/de\/wp-json\/wp\/v2\/media?parent=390265"}],"curies":[{"name":"wp","href":"https:\/\/api.w.org\/{rel}","templated":true}]}}